{"id":621,"date":"2021-08-23T08:50:18","date_gmt":"2021-08-23T11:50:18","guid":{"rendered":"https:\/\/ovaleriopretano.com.br\/site\/?page_id=621"},"modified":"2021-09-12T09:58:10","modified_gmt":"2021-09-12T12:58:10","slug":"servicos-e-utilidades","status":"publish","type":"page","link":"https:\/\/miradouronoticias.com\/site\/servicos-e-utilidades\/","title":{"rendered":"Servi\u00e7os e utilidades"},"content":{"rendered":"\r\n<p><strong>Telefones \u00fateis:<\/strong><br \/><strong>Em Rio Preto:<\/strong><br \/>Hospital Santa Casa \u2013 (32) 32831280<br \/>Pol\u00edcia Militar-(32) 32831190 e 32831120<br \/>Farm\u00e1cia Santa Ana-(32) 3283 1133<br \/>Farm\u00e1cia Rio Minas-(24) 24539140<\/p>\r\n\r\n\r\n\r\n<h4>Pousadas :<\/h4>\r\n<p><strong>No Funil:<\/strong><\/p>\r\n<p>Caf\u00e9 Rural Vale Cachoeiras- (32) 984047041<br \/>Canto da Lua-(32) 988546598<br \/>Dub\u00e3o- 32-992476518<br \/>Canto Mineiro-(32)984842474<br \/>Rancho P\u00e9 de Serra-(32)984046473<br \/>Gaia-(32) 999055565Mirante Santo Ant\u00f4nio-(32) 988774345<br \/>Sto. Ant\u00f4nio Boa Vista-(32)981416630<br \/>Caf\u00e9 Rural (Leite B\u00fafalo)-(32)984181294<br \/>Toca do Coelho-(32)984008232<strong><br \/><\/strong><\/p>\r\n<p><strong>Em Rio Preto:<\/strong><br \/>Boa Vista-(32) 32831541<br \/>Casar\u00e3o e Chal\u00e9s Mangueiras- (32) 992316283<\/p>\r\n<p><strong>Santo Ant\u00f4nio:<\/strong><br \/>Mato Limpo-(32) 984038354<\/p>\r\n<p><strong>S\u00e3o Pedro:<\/strong><br \/>Cantinho Rural-(32) 984804462<br \/><br \/><strong>Em Parape\u00fana (Valen\u00e7a):<\/strong><br \/>Pousada Vila Verde \u2013 (24) 24539155<br \/>Pousada Jambo Rosa \u2013 (24)999052168 e 992541466<br \/>Restaurante Duque-(24)24539283 e (32) 984439930<br \/>Policia Militar &#8211; 190<\/p>\r\n<p>Farm\u00e1cia Nova &#8211; (32) 98440-9054 e (32) 3283-1338<\/p>\r\n\r\n\r\n\r\n\r\n\r\n<p><strong>Em Santa Rita de Jacutinga:<\/strong><br \/>Hospital \u2013(32) 32911219<br \/>Delegacia- (32)984355989<\/p>\r\n\r\n\r\n\r\n<p><strong>Pousadas:<\/strong><br \/>O Meu Canto \u2013(32) 32911110 e 984665897<br \/>Hotel Santa Rita \u2013 (32) 32911544<br \/>Pousada Beira Rio-(24)982522797<br \/>Hotel Tia Rita \u2013 (32) 984312719<br \/>Drogaria Santa Clara-(32)984818297<br \/>Tele Taxi-(32) 984612649<\/p>\r\n","protected":false},"excerpt":{"rendered":"<p>Telefones \u00fateis:Em Rio Preto:Hospital Santa Casa \u2013 (32) 32831280Pol\u00edcia Militar-(32) 32831190 e 32831120Farm\u00e1cia Santa Ana-(32) 3283 1133Farm\u00e1cia Rio Minas-(24) 24539140 Pousadas : No Funil: Caf\u00e9 Rural Vale Cachoeiras- (32) 984047041Canto da Lua-(32) 988546598Dub\u00e3o- 32-992476518Canto Mineiro-(32)984842474Rancho P\u00e9 de Serra-(32)984046473Gaia-(32) 999055565Mirante Santo Ant\u00f4nio-(32) 988774345Sto. Ant\u00f4nio Boa Vista-(32)981416630Caf\u00e9 Rural (Leite B\u00fafalo)-(32)984181294Toca do Coelho-(32)984008232 Em Rio Preto:Boa Vista-(32) 32831541Casar\u00e3o [&hellip;]<\/p>\n","protected":false},"author":2,"featured_media":0,"parent":0,"menu_order":0,"comment_status":"closed","ping_status":"closed","template":"","meta":{"footnotes":""},"class_list":["post-621","page","type-page","status-publish","hentry"],"yoast_head":"<!-- This site is optimized with the Yoast SEO plugin v27.2 - https:\/\/yoast.com\/product\/yoast-seo-wordpress\/ -->\n<title>Servi\u00e7os e utilidades - Miradouro Not\u00edcias<\/title>\n<meta name=\"robots\" content=\"index, follow, max-snippet:-1, max-image-preview:large, max-video-preview:-1\" \/>\n<link rel=\"canonical\" href=\"https:\/\/miradouronoticias.com\/site\/servicos-e-utilidades\/\" \/>\n<meta property=\"og:locale\" content=\"pt_BR\" \/>\n<meta property=\"og:type\" content=\"article\" \/>\n<meta property=\"og:title\" content=\"Servi\u00e7os e utilidades - Miradouro Not\u00edcias\" \/>\n<meta property=\"og:description\" content=\"Telefones \u00fateis:Em Rio Preto:Hospital Santa Casa \u2013 (32) 32831280Pol\u00edcia Militar-(32) 32831190 e 32831120Farm\u00e1cia Santa Ana-(32) 3283 1133Farm\u00e1cia Rio Minas-(24) 24539140 Pousadas : No Funil: Caf\u00e9 Rural Vale Cachoeiras- (32) 984047041Canto da Lua-(32) 988546598Dub\u00e3o- 32-992476518Canto Mineiro-(32)984842474Rancho P\u00e9 de Serra-(32)984046473Gaia-(32) 999055565Mirante Santo Ant\u00f4nio-(32) 988774345Sto. Ant\u00f4nio Boa Vista-(32)981416630Caf\u00e9 Rural (Leite B\u00fafalo)-(32)984181294Toca do Coelho-(32)984008232 Em Rio Preto:Boa Vista-(32) 32831541Casar\u00e3o [&hellip;]\" \/>\n<meta property=\"og:url\" content=\"https:\/\/miradouronoticias.com\/site\/servicos-e-utilidades\/\" \/>\n<meta property=\"og:site_name\" content=\"Miradouro Not\u00edcias\" \/>\n<meta property=\"article:modified_time\" content=\"2021-09-12T12:58:10+00:00\" \/>\n<meta property=\"og:image\" content=\"https:\/\/miradouronoticias.com\/site\/wp-content\/uploads\/2022\/01\/logomarcamiradouronoticias.png\" \/>\n\t<meta property=\"og:image:width\" content=\"747\" \/>\n\t<meta property=\"og:image:height\" content=\"263\" \/>\n\t<meta property=\"og:image:type\" content=\"image\/png\" \/>\n<meta name=\"twitter:card\" content=\"summary_large_image\" \/>\n<meta name=\"twitter:label1\" content=\"Est. tempo de leitura\" \/>\n\t<meta name=\"twitter:data1\" content=\"1 minuto\" \/>\n<script type=\"application\/ld+json\" class=\"yoast-schema-graph\">{\"@context\":\"https:\/\/schema.org\",\"@graph\":[{\"@type\":\"WebPage\",\"@id\":\"https:\/\/miradouronoticias.com\/site\/servicos-e-utilidades\/\",\"url\":\"https:\/\/miradouronoticias.com\/site\/servicos-e-utilidades\/\",\"name\":\"Servi\u00e7os e utilidades - Miradouro Not\u00edcias\",\"isPartOf\":{\"@id\":\"https:\/\/miradouronoticias.com\/site\/#website\"},\"datePublished\":\"2021-08-23T11:50:18+00:00\",\"dateModified\":\"2021-09-12T12:58:10+00:00\",\"breadcrumb\":{\"@id\":\"https:\/\/miradouronoticias.com\/site\/servicos-e-utilidades\/#breadcrumb\"},\"inLanguage\":\"pt-BR\",\"potentialAction\":[{\"@type\":\"ReadAction\",\"target\":[\"https:\/\/miradouronoticias.com\/site\/servicos-e-utilidades\/\"]}]},{\"@type\":\"BreadcrumbList\",\"@id\":\"https:\/\/miradouronoticias.com\/site\/servicos-e-utilidades\/#breadcrumb\",\"itemListElement\":[{\"@type\":\"ListItem\",\"position\":1,\"name\":\"In\u00edcio\",\"item\":\"https:\/\/miradouronoticias.com\/site\/\"},{\"@type\":\"ListItem\",\"position\":2,\"name\":\"Servi\u00e7os e utilidades\"}]},{\"@type\":\"WebSite\",\"@id\":\"https:\/\/miradouronoticias.com\/site\/#website\",\"url\":\"https:\/\/miradouronoticias.com\/site\/\",\"name\":\"Miradouro Not\u00edcias\",\"description\":\"Informa\u00e7\u00f5es da cidade e regi\u00e3o\",\"publisher\":{\"@id\":\"https:\/\/miradouronoticias.com\/site\/#organization\"},\"potentialAction\":[{\"@type\":\"SearchAction\",\"target\":{\"@type\":\"EntryPoint\",\"urlTemplate\":\"https:\/\/miradouronoticias.com\/site\/?s={search_term_string}\"},\"query-input\":{\"@type\":\"PropertyValueSpecification\",\"valueRequired\":true,\"valueName\":\"search_term_string\"}}],\"inLanguage\":\"pt-BR\"},{\"@type\":\"Organization\",\"@id\":\"https:\/\/miradouronoticias.com\/site\/#organization\",\"name\":\"Miradouro Not\u00edcias\",\"url\":\"https:\/\/miradouronoticias.com\/site\/\",\"logo\":{\"@type\":\"ImageObject\",\"inLanguage\":\"pt-BR\",\"@id\":\"https:\/\/miradouronoticias.com\/site\/#\/schema\/logo\/image\/\",\"url\":\"https:\/\/miradouronoticias.com\/site\/wp-content\/uploads\/2022\/01\/logomarcamiradouronoticias.png\",\"contentUrl\":\"https:\/\/miradouronoticias.com\/site\/wp-content\/uploads\/2022\/01\/logomarcamiradouronoticias.png\",\"width\":747,\"height\":263,\"caption\":\"Miradouro Not\u00edcias\"},\"image\":{\"@id\":\"https:\/\/miradouronoticias.com\/site\/#\/schema\/logo\/image\/\"}}]}<\/script>\n<!-- \/ Yoast SEO plugin. -->","yoast_head_json":{"title":"Servi\u00e7os e utilidades - Miradouro Not\u00edcias","robots":{"index":"index","follow":"follow","max-snippet":"max-snippet:-1","max-image-preview":"max-image-preview:large","max-video-preview":"max-video-preview:-1"},"canonical":"https:\/\/miradouronoticias.com\/site\/servicos-e-utilidades\/","og_locale":"pt_BR","og_type":"article","og_title":"Servi\u00e7os e utilidades - Miradouro Not\u00edcias","og_description":"Telefones \u00fateis:Em Rio Preto:Hospital Santa Casa \u2013 (32) 32831280Pol\u00edcia Militar-(32) 32831190 e 32831120Farm\u00e1cia Santa Ana-(32) 3283 1133Farm\u00e1cia Rio Minas-(24) 24539140 Pousadas : No Funil: Caf\u00e9 Rural Vale Cachoeiras- (32) 984047041Canto da Lua-(32) 988546598Dub\u00e3o- 32-992476518Canto Mineiro-(32)984842474Rancho P\u00e9 de Serra-(32)984046473Gaia-(32) 999055565Mirante Santo Ant\u00f4nio-(32) 988774345Sto. Ant\u00f4nio Boa Vista-(32)981416630Caf\u00e9 Rural (Leite B\u00fafalo)-(32)984181294Toca do Coelho-(32)984008232 Em Rio Preto:Boa Vista-(32) 32831541Casar\u00e3o [&hellip;]","og_url":"https:\/\/miradouronoticias.com\/site\/servicos-e-utilidades\/","og_site_name":"Miradouro Not\u00edcias","article_modified_time":"2021-09-12T12:58:10+00:00","og_image":[{"width":747,"height":263,"url":"https:\/\/miradouronoticias.com\/site\/wp-content\/uploads\/2022\/01\/logomarcamiradouronoticias.png","type":"image\/png"}],"twitter_card":"summary_large_image","twitter_misc":{"Est. tempo de leitura":"1 minuto"},"schema":{"@context":"https:\/\/schema.org","@graph":[{"@type":"WebPage","@id":"https:\/\/miradouronoticias.com\/site\/servicos-e-utilidades\/","url":"https:\/\/miradouronoticias.com\/site\/servicos-e-utilidades\/","name":"Servi\u00e7os e utilidades - Miradouro Not\u00edcias","isPartOf":{"@id":"https:\/\/miradouronoticias.com\/site\/#website"},"datePublished":"2021-08-23T11:50:18+00:00","dateModified":"2021-09-12T12:58:10+00:00","breadcrumb":{"@id":"https:\/\/miradouronoticias.com\/site\/servicos-e-utilidades\/#breadcrumb"},"inLanguage":"pt-BR","potentialAction":[{"@type":"ReadAction","target":["https:\/\/miradouronoticias.com\/site\/servicos-e-utilidades\/"]}]},{"@type":"BreadcrumbList","@id":"https:\/\/miradouronoticias.com\/site\/servicos-e-utilidades\/#breadcrumb","itemListElement":[{"@type":"ListItem","position":1,"name":"In\u00edcio","item":"https:\/\/miradouronoticias.com\/site\/"},{"@type":"ListItem","position":2,"name":"Servi\u00e7os e utilidades"}]},{"@type":"WebSite","@id":"https:\/\/miradouronoticias.com\/site\/#website","url":"https:\/\/miradouronoticias.com\/site\/","name":"Miradouro Not\u00edcias","description":"Informa\u00e7\u00f5es da cidade e regi\u00e3o","publisher":{"@id":"https:\/\/miradouronoticias.com\/site\/#organization"},"potentialAction":[{"@type":"SearchAction","target":{"@type":"EntryPoint","urlTemplate":"https:\/\/miradouronoticias.com\/site\/?s={search_term_string}"},"query-input":{"@type":"PropertyValueSpecification","valueRequired":true,"valueName":"search_term_string"}}],"inLanguage":"pt-BR"},{"@type":"Organization","@id":"https:\/\/miradouronoticias.com\/site\/#organization","name":"Miradouro Not\u00edcias","url":"https:\/\/miradouronoticias.com\/site\/","logo":{"@type":"ImageObject","inLanguage":"pt-BR","@id":"https:\/\/miradouronoticias.com\/site\/#\/schema\/logo\/image\/","url":"https:\/\/miradouronoticias.com\/site\/wp-content\/uploads\/2022\/01\/logomarcamiradouronoticias.png","contentUrl":"https:\/\/miradouronoticias.com\/site\/wp-content\/uploads\/2022\/01\/logomarcamiradouronoticias.png","width":747,"height":263,"caption":"Miradouro Not\u00edcias"},"image":{"@id":"https:\/\/miradouronoticias.com\/site\/#\/schema\/logo\/image\/"}}]}},"_links":{"self":[{"href":"https:\/\/miradouronoticias.com\/site\/wp-json\/wp\/v2\/pages\/621","targetHints":{"allow":["GET"]}}],"collection":[{"href":"https:\/\/miradouronoticias.com\/site\/wp-json\/wp\/v2\/pages"}],"about":[{"href":"https:\/\/miradouronoticias.com\/site\/wp-json\/wp\/v2\/types\/page"}],"author":[{"embeddable":true,"href":"https:\/\/miradouronoticias.com\/site\/wp-json\/wp\/v2\/users\/2"}],"replies":[{"embeddable":true,"href":"https:\/\/miradouronoticias.com\/site\/wp-json\/wp\/v2\/comments?post=621"}],"version-history":[{"count":7,"href":"https:\/\/miradouronoticias.com\/site\/wp-json\/wp\/v2\/pages\/621\/revisions"}],"predecessor-version":[{"id":818,"href":"https:\/\/miradouronoticias.com\/site\/wp-json\/wp\/v2\/pages\/621\/revisions\/818"}],"wp:attachment":[{"href":"https:\/\/miradouronoticias.com\/site\/wp-json\/wp\/v2\/media?parent=621"}],"curies":[{"name":"wp","href":"https:\/\/api.w.org\/{rel}","templated":true}]}}