{"id":195,"date":"2021-07-23T12:37:00","date_gmt":"2021-07-23T15:37:00","guid":{"rendered":"https:\/\/ovaleriopretano.com.br\/site\/?page_id=195"},"modified":"2022-01-27T19:00:52","modified_gmt":"2022-01-27T22:00:52","slug":"anuncie","status":"publish","type":"page","link":"https:\/\/miradouronoticias.com\/site\/anuncie\/","title":{"rendered":"Anuncie"},"content":{"rendered":"<p>Anuncie<\/p>\n<p>Por que anunciar?<\/p>\n<p>Para n\u00f3s \u00e9 um prazer ter voc\u00ea como anunciante em nosso projeto profissional de comunica\u00e7\u00e3o pela internet, atrav\u00e9s do nosso site,\u00a0miradouronoticias.com\/site. Sabemos tamb\u00e9m que voc\u00ea ser\u00e1 um parceiro constante da nossa causa de divulga\u00e7\u00e3o de not\u00edcias, opini\u00f5es e an\u00fancios, envolvendo e integrando os \u00a0nossos leitores e internautas.<\/p>\n<p>\u2013 E, quem somos? \u2013 E, quem s\u00e3o os nossos leitores e internautas? -E, onde estamos? O nosso site est\u00e1 em Miradouro situa-se na\u00a0Zona da Mata Mineira, \u00e0 margem da\u00a0BR-116, mais conhecida como Rio-Bahia. O munic\u00edpio faz divisa com:\u00a0Muria\u00e9\u00a0(de onde foi desmembrado em 1938),\u00a0Vieiras\u00a0(que foi seu distrito, alcan\u00e7ando a emancipa\u00e7\u00e3o em 1953),\u00a0Erv\u00e1lia,\u00a0S\u00e3o Francisco do Gl\u00f3ria\u00a0e\u00a0Fervedouro. Os distritos de Miradouro s\u00e3o santa Cruz Monte Alverne, Santa B\u00e1rbara, Serrana e varginha. Mas, a integra\u00e7\u00e3o desses milhares de moradores \u00e0s margens da rio Bahia, a nossa cidade \u00e9 glorificada pela cultura e turismo em torno da Serra do Brigadeiro.<\/p>\n<p>Esse liame cont\u00ednuo, que une esses tra\u00e7os entre essas popula\u00e7\u00f5es \u00e9 o motivo central que nos leva a mover nosso trabalho de comunica\u00e7\u00e3o. Nosso site ser\u00e1 guiado sempre por esse sudeste: divulgar informa\u00e7\u00f5es verdadeiras e esclarecedoras em benef\u00edcio de todos e pela cidade de Miradouro .<\/p>\n<p>Portanto, queremos dizer a voc\u00ea, anunciante, que a principal vantagem de voc\u00ea anunciar aqui em,\u00a0www.miradouronoticias.com\/site ser\u00e1 sempre a de participar de uma integra\u00e7\u00e3o social e comunit\u00e1ria que conectar\u00e1, sobretudo, os moradores de Miradouro MG.<\/p>\n<p>Muito obrigado pela sua participa\u00e7\u00e3o!<\/p>\n<p>Para anunciar basta comunicar-se conosco atrav\u00e9s do\u00a0tel.: (32) 999409704\u00a0ou pelos emails:\u00a0claudiaferreiraoliveira1976@gmail.com\u00a0ou\u00a0miradouronoticias4321@gmail.com<\/p>\n","protected":false},"excerpt":{"rendered":"<p>Anuncie Por que anunciar? Para n\u00f3s \u00e9 um prazer ter voc\u00ea como anunciante em nosso projeto profissional de comunica\u00e7\u00e3o pela internet, atrav\u00e9s do nosso site,\u00a0miradouronoticias.com\/site. Sabemos tamb\u00e9m que voc\u00ea ser\u00e1 um parceiro constante da nossa causa de divulga\u00e7\u00e3o de not\u00edcias, opini\u00f5es e an\u00fancios, envolvendo e integrando os \u00a0nossos leitores e internautas. \u2013 E, quem somos? [&hellip;]<\/p>\n","protected":false},"author":2,"featured_media":0,"parent":0,"menu_order":0,"comment_status":"closed","ping_status":"closed","template":"","meta":{"footnotes":""},"class_list":["post-195","page","type-page","status-publish","hentry"],"yoast_head":"<!-- This site is optimized with the Yoast SEO plugin v27.2 - https:\/\/yoast.com\/product\/yoast-seo-wordpress\/ -->\n<title>Anuncie - Miradouro Not\u00edcias<\/title>\n<meta name=\"robots\" content=\"index, follow, max-snippet:-1, max-image-preview:large, max-video-preview:-1\" \/>\n<link rel=\"canonical\" href=\"https:\/\/miradouronoticias.com\/site\/anuncie\/\" \/>\n<meta property=\"og:locale\" content=\"pt_BR\" \/>\n<meta property=\"og:type\" content=\"article\" \/>\n<meta property=\"og:title\" content=\"Anuncie - Miradouro Not\u00edcias\" \/>\n<meta property=\"og:description\" content=\"Anuncie Por que anunciar? Para n\u00f3s \u00e9 um prazer ter voc\u00ea como anunciante em nosso projeto profissional de comunica\u00e7\u00e3o pela internet, atrav\u00e9s do nosso site,\u00a0miradouronoticias.com\/site. Sabemos tamb\u00e9m que voc\u00ea ser\u00e1 um parceiro constante da nossa causa de divulga\u00e7\u00e3o de not\u00edcias, opini\u00f5es e an\u00fancios, envolvendo e integrando os \u00a0nossos leitores e internautas. \u2013 E, quem somos? [&hellip;]\" \/>\n<meta property=\"og:url\" content=\"https:\/\/miradouronoticias.com\/site\/anuncie\/\" \/>\n<meta property=\"og:site_name\" content=\"Miradouro Not\u00edcias\" \/>\n<meta property=\"article:modified_time\" content=\"2022-01-27T22:00:52+00:00\" \/>\n<meta property=\"og:image\" content=\"https:\/\/miradouronoticias.com\/site\/wp-content\/uploads\/2022\/01\/logomarcamiradouronoticias.png\" \/>\n\t<meta property=\"og:image:width\" content=\"747\" \/>\n\t<meta property=\"og:image:height\" content=\"263\" \/>\n\t<meta property=\"og:image:type\" content=\"image\/png\" \/>\n<meta name=\"twitter:card\" content=\"summary_large_image\" \/>\n<meta name=\"twitter:label1\" content=\"Est. tempo de leitura\" \/>\n\t<meta name=\"twitter:data1\" content=\"1 minuto\" \/>\n<script type=\"application\/ld+json\" class=\"yoast-schema-graph\">{\"@context\":\"https:\/\/schema.org\",\"@graph\":[{\"@type\":\"WebPage\",\"@id\":\"https:\/\/miradouronoticias.com\/site\/anuncie\/\",\"url\":\"https:\/\/miradouronoticias.com\/site\/anuncie\/\",\"name\":\"Anuncie - Miradouro Not\u00edcias\",\"isPartOf\":{\"@id\":\"https:\/\/miradouronoticias.com\/site\/#website\"},\"datePublished\":\"2021-07-23T15:37:00+00:00\",\"dateModified\":\"2022-01-27T22:00:52+00:00\",\"breadcrumb\":{\"@id\":\"https:\/\/miradouronoticias.com\/site\/anuncie\/#breadcrumb\"},\"inLanguage\":\"pt-BR\",\"potentialAction\":[{\"@type\":\"ReadAction\",\"target\":[\"https:\/\/miradouronoticias.com\/site\/anuncie\/\"]}]},{\"@type\":\"BreadcrumbList\",\"@id\":\"https:\/\/miradouronoticias.com\/site\/anuncie\/#breadcrumb\",\"itemListElement\":[{\"@type\":\"ListItem\",\"position\":1,\"name\":\"In\u00edcio\",\"item\":\"https:\/\/miradouronoticias.com\/site\/\"},{\"@type\":\"ListItem\",\"position\":2,\"name\":\"Anuncie\"}]},{\"@type\":\"WebSite\",\"@id\":\"https:\/\/miradouronoticias.com\/site\/#website\",\"url\":\"https:\/\/miradouronoticias.com\/site\/\",\"name\":\"Miradouro Not\u00edcias\",\"description\":\"Informa\u00e7\u00f5es da cidade e regi\u00e3o\",\"publisher\":{\"@id\":\"https:\/\/miradouronoticias.com\/site\/#organization\"},\"potentialAction\":[{\"@type\":\"SearchAction\",\"target\":{\"@type\":\"EntryPoint\",\"urlTemplate\":\"https:\/\/miradouronoticias.com\/site\/?s={search_term_string}\"},\"query-input\":{\"@type\":\"PropertyValueSpecification\",\"valueRequired\":true,\"valueName\":\"search_term_string\"}}],\"inLanguage\":\"pt-BR\"},{\"@type\":\"Organization\",\"@id\":\"https:\/\/miradouronoticias.com\/site\/#organization\",\"name\":\"Miradouro Not\u00edcias\",\"url\":\"https:\/\/miradouronoticias.com\/site\/\",\"logo\":{\"@type\":\"ImageObject\",\"inLanguage\":\"pt-BR\",\"@id\":\"https:\/\/miradouronoticias.com\/site\/#\/schema\/logo\/image\/\",\"url\":\"https:\/\/miradouronoticias.com\/site\/wp-content\/uploads\/2022\/01\/logomarcamiradouronoticias.png\",\"contentUrl\":\"https:\/\/miradouronoticias.com\/site\/wp-content\/uploads\/2022\/01\/logomarcamiradouronoticias.png\",\"width\":747,\"height\":263,\"caption\":\"Miradouro Not\u00edcias\"},\"image\":{\"@id\":\"https:\/\/miradouronoticias.com\/site\/#\/schema\/logo\/image\/\"}}]}<\/script>\n<!-- \/ Yoast SEO plugin. -->","yoast_head_json":{"title":"Anuncie - Miradouro Not\u00edcias","robots":{"index":"index","follow":"follow","max-snippet":"max-snippet:-1","max-image-preview":"max-image-preview:large","max-video-preview":"max-video-preview:-1"},"canonical":"https:\/\/miradouronoticias.com\/site\/anuncie\/","og_locale":"pt_BR","og_type":"article","og_title":"Anuncie - Miradouro Not\u00edcias","og_description":"Anuncie Por que anunciar? Para n\u00f3s \u00e9 um prazer ter voc\u00ea como anunciante em nosso projeto profissional de comunica\u00e7\u00e3o pela internet, atrav\u00e9s do nosso site,\u00a0miradouronoticias.com\/site. Sabemos tamb\u00e9m que voc\u00ea ser\u00e1 um parceiro constante da nossa causa de divulga\u00e7\u00e3o de not\u00edcias, opini\u00f5es e an\u00fancios, envolvendo e integrando os \u00a0nossos leitores e internautas. \u2013 E, quem somos? [&hellip;]","og_url":"https:\/\/miradouronoticias.com\/site\/anuncie\/","og_site_name":"Miradouro Not\u00edcias","article_modified_time":"2022-01-27T22:00:52+00:00","og_image":[{"width":747,"height":263,"url":"https:\/\/miradouronoticias.com\/site\/wp-content\/uploads\/2022\/01\/logomarcamiradouronoticias.png","type":"image\/png"}],"twitter_card":"summary_large_image","twitter_misc":{"Est. tempo de leitura":"1 minuto"},"schema":{"@context":"https:\/\/schema.org","@graph":[{"@type":"WebPage","@id":"https:\/\/miradouronoticias.com\/site\/anuncie\/","url":"https:\/\/miradouronoticias.com\/site\/anuncie\/","name":"Anuncie - Miradouro Not\u00edcias","isPartOf":{"@id":"https:\/\/miradouronoticias.com\/site\/#website"},"datePublished":"2021-07-23T15:37:00+00:00","dateModified":"2022-01-27T22:00:52+00:00","breadcrumb":{"@id":"https:\/\/miradouronoticias.com\/site\/anuncie\/#breadcrumb"},"inLanguage":"pt-BR","potentialAction":[{"@type":"ReadAction","target":["https:\/\/miradouronoticias.com\/site\/anuncie\/"]}]},{"@type":"BreadcrumbList","@id":"https:\/\/miradouronoticias.com\/site\/anuncie\/#breadcrumb","itemListElement":[{"@type":"ListItem","position":1,"name":"In\u00edcio","item":"https:\/\/miradouronoticias.com\/site\/"},{"@type":"ListItem","position":2,"name":"Anuncie"}]},{"@type":"WebSite","@id":"https:\/\/miradouronoticias.com\/site\/#website","url":"https:\/\/miradouronoticias.com\/site\/","name":"Miradouro Not\u00edcias","description":"Informa\u00e7\u00f5es da cidade e regi\u00e3o","publisher":{"@id":"https:\/\/miradouronoticias.com\/site\/#organization"},"potentialAction":[{"@type":"SearchAction","target":{"@type":"EntryPoint","urlTemplate":"https:\/\/miradouronoticias.com\/site\/?s={search_term_string}"},"query-input":{"@type":"PropertyValueSpecification","valueRequired":true,"valueName":"search_term_string"}}],"inLanguage":"pt-BR"},{"@type":"Organization","@id":"https:\/\/miradouronoticias.com\/site\/#organization","name":"Miradouro Not\u00edcias","url":"https:\/\/miradouronoticias.com\/site\/","logo":{"@type":"ImageObject","inLanguage":"pt-BR","@id":"https:\/\/miradouronoticias.com\/site\/#\/schema\/logo\/image\/","url":"https:\/\/miradouronoticias.com\/site\/wp-content\/uploads\/2022\/01\/logomarcamiradouronoticias.png","contentUrl":"https:\/\/miradouronoticias.com\/site\/wp-content\/uploads\/2022\/01\/logomarcamiradouronoticias.png","width":747,"height":263,"caption":"Miradouro Not\u00edcias"},"image":{"@id":"https:\/\/miradouronoticias.com\/site\/#\/schema\/logo\/image\/"}}]}},"_links":{"self":[{"href":"https:\/\/miradouronoticias.com\/site\/wp-json\/wp\/v2\/pages\/195","targetHints":{"allow":["GET"]}}],"collection":[{"href":"https:\/\/miradouronoticias.com\/site\/wp-json\/wp\/v2\/pages"}],"about":[{"href":"https:\/\/miradouronoticias.com\/site\/wp-json\/wp\/v2\/types\/page"}],"author":[{"embeddable":true,"href":"https:\/\/miradouronoticias.com\/site\/wp-json\/wp\/v2\/users\/2"}],"replies":[{"embeddable":true,"href":"https:\/\/miradouronoticias.com\/site\/wp-json\/wp\/v2\/comments?post=195"}],"version-history":[{"count":12,"href":"https:\/\/miradouronoticias.com\/site\/wp-json\/wp\/v2\/pages\/195\/revisions"}],"predecessor-version":[{"id":1903,"href":"https:\/\/miradouronoticias.com\/site\/wp-json\/wp\/v2\/pages\/195\/revisions\/1903"}],"wp:attachment":[{"href":"https:\/\/miradouronoticias.com\/site\/wp-json\/wp\/v2\/media?parent=195"}],"curies":[{"name":"wp","href":"https:\/\/api.w.org\/{rel}","templated":true}]}}