{"id":193,"date":"2021-07-23T12:36:24","date_gmt":"2021-07-23T15:36:24","guid":{"rendered":"https:\/\/ovaleriopretano.com.br\/site\/?page_id=193"},"modified":"2021-09-01T14:30:53","modified_gmt":"2021-09-01T17:30:53","slug":"arquivo-de-noticias","status":"publish","type":"page","link":"https:\/\/miradouronoticias.com\/site\/arquivo-de-noticias\/","title":{"rendered":"Arquivo de not\u00edcias"},"content":{"rendered":"<ul class=\"wp-block-archives-list wp-block-archives\">\t<li><a href='https:\/\/miradouronoticias.com\/site\/2026\/05\/'>maio 2026<\/a><\/li>\n\t<li><a href='https:\/\/miradouronoticias.com\/site\/2026\/04\/'>abril 2026<\/a><\/li>\n\t<li><a href='https:\/\/miradouronoticias.com\/site\/2026\/03\/'>mar\u00e7o 2026<\/a><\/li>\n\t<li><a href='https:\/\/miradouronoticias.com\/site\/2026\/02\/'>fevereiro 2026<\/a><\/li>\n\t<li><a href='https:\/\/miradouronoticias.com\/site\/2026\/01\/'>janeiro 2026<\/a><\/li>\n\t<li><a href='https:\/\/miradouronoticias.com\/site\/2025\/12\/'>dezembro 2025<\/a><\/li>\n\t<li><a href='https:\/\/miradouronoticias.com\/site\/2025\/11\/'>novembro 2025<\/a><\/li>\n\t<li><a href='https:\/\/miradouronoticias.com\/site\/2025\/10\/'>outubro 2025<\/a><\/li>\n\t<li><a href='https:\/\/miradouronoticias.com\/site\/2025\/09\/'>setembro 2025<\/a><\/li>\n\t<li><a href='https:\/\/miradouronoticias.com\/site\/2025\/08\/'>agosto 2025<\/a><\/li>\n\t<li><a href='https:\/\/miradouronoticias.com\/site\/2025\/07\/'>julho 2025<\/a><\/li>\n\t<li><a href='https:\/\/miradouronoticias.com\/site\/2025\/06\/'>junho 2025<\/a><\/li>\n\t<li><a href='https:\/\/miradouronoticias.com\/site\/2025\/05\/'>maio 2025<\/a><\/li>\n\t<li><a href='https:\/\/miradouronoticias.com\/site\/2025\/04\/'>abril 2025<\/a><\/li>\n\t<li><a href='https:\/\/miradouronoticias.com\/site\/2025\/03\/'>mar\u00e7o 2025<\/a><\/li>\n\t<li><a href='https:\/\/miradouronoticias.com\/site\/2025\/02\/'>fevereiro 2025<\/a><\/li>\n\t<li><a href='https:\/\/miradouronoticias.com\/site\/2025\/01\/'>janeiro 2025<\/a><\/li>\n\t<li><a href='https:\/\/miradouronoticias.com\/site\/2024\/12\/'>dezembro 2024<\/a><\/li>\n\t<li><a href='https:\/\/miradouronoticias.com\/site\/2024\/11\/'>novembro 2024<\/a><\/li>\n\t<li><a href='https:\/\/miradouronoticias.com\/site\/2024\/10\/'>outubro 2024<\/a><\/li>\n\t<li><a href='https:\/\/miradouronoticias.com\/site\/2024\/09\/'>setembro 2024<\/a><\/li>\n\t<li><a href='https:\/\/miradouronoticias.com\/site\/2024\/08\/'>agosto 2024<\/a><\/li>\n\t<li><a href='https:\/\/miradouronoticias.com\/site\/2024\/07\/'>julho 2024<\/a><\/li>\n\t<li><a href='https:\/\/miradouronoticias.com\/site\/2024\/06\/'>junho 2024<\/a><\/li>\n\t<li><a href='https:\/\/miradouronoticias.com\/site\/2024\/05\/'>maio 2024<\/a><\/li>\n\t<li><a href='https:\/\/miradouronoticias.com\/site\/2024\/04\/'>abril 2024<\/a><\/li>\n\t<li><a href='https:\/\/miradouronoticias.com\/site\/2024\/03\/'>mar\u00e7o 2024<\/a><\/li>\n\t<li><a href='https:\/\/miradouronoticias.com\/site\/2024\/02\/'>fevereiro 2024<\/a><\/li>\n\t<li><a href='https:\/\/miradouronoticias.com\/site\/2024\/01\/'>janeiro 2024<\/a><\/li>\n\t<li><a href='https:\/\/miradouronoticias.com\/site\/2023\/12\/'>dezembro 2023<\/a><\/li>\n\t<li><a href='https:\/\/miradouronoticias.com\/site\/2023\/11\/'>novembro 2023<\/a><\/li>\n\t<li><a href='https:\/\/miradouronoticias.com\/site\/2023\/10\/'>outubro 2023<\/a><\/li>\n\t<li><a href='https:\/\/miradouronoticias.com\/site\/2023\/09\/'>setembro 2023<\/a><\/li>\n\t<li><a href='https:\/\/miradouronoticias.com\/site\/2023\/08\/'>agosto 2023<\/a><\/li>\n\t<li><a href='https:\/\/miradouronoticias.com\/site\/2023\/07\/'>julho 2023<\/a><\/li>\n\t<li><a href='https:\/\/miradouronoticias.com\/site\/2023\/06\/'>junho 2023<\/a><\/li>\n\t<li><a href='https:\/\/miradouronoticias.com\/site\/2023\/05\/'>maio 2023<\/a><\/li>\n\t<li><a href='https:\/\/miradouronoticias.com\/site\/2023\/04\/'>abril 2023<\/a><\/li>\n\t<li><a href='https:\/\/miradouronoticias.com\/site\/2023\/03\/'>mar\u00e7o 2023<\/a><\/li>\n\t<li><a href='https:\/\/miradouronoticias.com\/site\/2023\/02\/'>fevereiro 2023<\/a><\/li>\n\t<li><a href='https:\/\/miradouronoticias.com\/site\/2023\/01\/'>janeiro 2023<\/a><\/li>\n\t<li><a href='https:\/\/miradouronoticias.com\/site\/2022\/12\/'>dezembro 2022<\/a><\/li>\n\t<li><a href='https:\/\/miradouronoticias.com\/site\/2022\/11\/'>novembro 2022<\/a><\/li>\n\t<li><a href='https:\/\/miradouronoticias.com\/site\/2022\/10\/'>outubro 2022<\/a><\/li>\n\t<li><a href='https:\/\/miradouronoticias.com\/site\/2022\/09\/'>setembro 2022<\/a><\/li>\n\t<li><a href='https:\/\/miradouronoticias.com\/site\/2022\/08\/'>agosto 2022<\/a><\/li>\n\t<li><a href='https:\/\/miradouronoticias.com\/site\/2022\/07\/'>julho 2022<\/a><\/li>\n\t<li><a href='https:\/\/miradouronoticias.com\/site\/2022\/06\/'>junho 2022<\/a><\/li>\n\t<li><a href='https:\/\/miradouronoticias.com\/site\/2022\/05\/'>maio 2022<\/a><\/li>\n\t<li><a href='https:\/\/miradouronoticias.com\/site\/2022\/04\/'>abril 2022<\/a><\/li>\n\t<li><a href='https:\/\/miradouronoticias.com\/site\/2022\/03\/'>mar\u00e7o 2022<\/a><\/li>\n\t<li><a href='https:\/\/miradouronoticias.com\/site\/2022\/02\/'>fevereiro 2022<\/a><\/li>\n\t<li><a href='https:\/\/miradouronoticias.com\/site\/2022\/01\/'>janeiro 2022<\/a><\/li>\n<\/ul>","protected":false},"excerpt":{"rendered":"","protected":false},"author":2,"featured_media":0,"parent":0,"menu_order":0,"comment_status":"closed","ping_status":"closed","template":"","meta":{"footnotes":""},"class_list":["post-193","page","type-page","status-publish","hentry"],"yoast_head":"<!-- This site is optimized with the Yoast SEO plugin v27.2 - https:\/\/yoast.com\/product\/yoast-seo-wordpress\/ -->\n<title>Arquivo de not\u00edcias - Miradouro Not\u00edcias<\/title>\n<meta name=\"robots\" content=\"index, follow, max-snippet:-1, max-image-preview:large, max-video-preview:-1\" \/>\n<link rel=\"canonical\" href=\"https:\/\/miradouronoticias.com\/site\/arquivo-de-noticias\/\" \/>\n<meta property=\"og:locale\" content=\"pt_BR\" \/>\n<meta property=\"og:type\" content=\"article\" \/>\n<meta property=\"og:title\" content=\"Arquivo de not\u00edcias - Miradouro Not\u00edcias\" \/>\n<meta property=\"og:url\" content=\"https:\/\/miradouronoticias.com\/site\/arquivo-de-noticias\/\" \/>\n<meta property=\"og:site_name\" content=\"Miradouro Not\u00edcias\" \/>\n<meta property=\"article:modified_time\" content=\"2021-09-01T17:30:53+00:00\" \/>\n<meta property=\"og:image\" content=\"https:\/\/miradouronoticias.com\/site\/wp-content\/uploads\/2022\/01\/logomarcamiradouronoticias.png\" \/>\n\t<meta property=\"og:image:width\" content=\"747\" \/>\n\t<meta property=\"og:image:height\" content=\"263\" \/>\n\t<meta property=\"og:image:type\" content=\"image\/png\" \/>\n<meta name=\"twitter:card\" content=\"summary_large_image\" \/>\n<script type=\"application\/ld+json\" class=\"yoast-schema-graph\">{\"@context\":\"https:\/\/schema.org\",\"@graph\":[{\"@type\":\"WebPage\",\"@id\":\"https:\/\/miradouronoticias.com\/site\/arquivo-de-noticias\/\",\"url\":\"https:\/\/miradouronoticias.com\/site\/arquivo-de-noticias\/\",\"name\":\"Arquivo de not\u00edcias - Miradouro Not\u00edcias\",\"isPartOf\":{\"@id\":\"https:\/\/miradouronoticias.com\/site\/#website\"},\"datePublished\":\"2021-07-23T15:36:24+00:00\",\"dateModified\":\"2021-09-01T17:30:53+00:00\",\"breadcrumb\":{\"@id\":\"https:\/\/miradouronoticias.com\/site\/arquivo-de-noticias\/#breadcrumb\"},\"inLanguage\":\"pt-BR\",\"potentialAction\":[{\"@type\":\"ReadAction\",\"target\":[\"https:\/\/miradouronoticias.com\/site\/arquivo-de-noticias\/\"]}]},{\"@type\":\"BreadcrumbList\",\"@id\":\"https:\/\/miradouronoticias.com\/site\/arquivo-de-noticias\/#breadcrumb\",\"itemListElement\":[{\"@type\":\"ListItem\",\"position\":1,\"name\":\"In\u00edcio\",\"item\":\"https:\/\/miradouronoticias.com\/site\/\"},{\"@type\":\"ListItem\",\"position\":2,\"name\":\"Arquivo de not\u00edcias\"}]},{\"@type\":\"WebSite\",\"@id\":\"https:\/\/miradouronoticias.com\/site\/#website\",\"url\":\"https:\/\/miradouronoticias.com\/site\/\",\"name\":\"Miradouro Not\u00edcias\",\"description\":\"Informa\u00e7\u00f5es da cidade e regi\u00e3o\",\"publisher\":{\"@id\":\"https:\/\/miradouronoticias.com\/site\/#organization\"},\"potentialAction\":[{\"@type\":\"SearchAction\",\"target\":{\"@type\":\"EntryPoint\",\"urlTemplate\":\"https:\/\/miradouronoticias.com\/site\/?s={search_term_string}\"},\"query-input\":{\"@type\":\"PropertyValueSpecification\",\"valueRequired\":true,\"valueName\":\"search_term_string\"}}],\"inLanguage\":\"pt-BR\"},{\"@type\":\"Organization\",\"@id\":\"https:\/\/miradouronoticias.com\/site\/#organization\",\"name\":\"Miradouro Not\u00edcias\",\"url\":\"https:\/\/miradouronoticias.com\/site\/\",\"logo\":{\"@type\":\"ImageObject\",\"inLanguage\":\"pt-BR\",\"@id\":\"https:\/\/miradouronoticias.com\/site\/#\/schema\/logo\/image\/\",\"url\":\"https:\/\/miradouronoticias.com\/site\/wp-content\/uploads\/2022\/01\/logomarcamiradouronoticias.png\",\"contentUrl\":\"https:\/\/miradouronoticias.com\/site\/wp-content\/uploads\/2022\/01\/logomarcamiradouronoticias.png\",\"width\":747,\"height\":263,\"caption\":\"Miradouro Not\u00edcias\"},\"image\":{\"@id\":\"https:\/\/miradouronoticias.com\/site\/#\/schema\/logo\/image\/\"}}]}<\/script>\n<!-- \/ Yoast SEO plugin. -->","yoast_head_json":{"title":"Arquivo de not\u00edcias - Miradouro Not\u00edcias","robots":{"index":"index","follow":"follow","max-snippet":"max-snippet:-1","max-image-preview":"max-image-preview:large","max-video-preview":"max-video-preview:-1"},"canonical":"https:\/\/miradouronoticias.com\/site\/arquivo-de-noticias\/","og_locale":"pt_BR","og_type":"article","og_title":"Arquivo de not\u00edcias - Miradouro Not\u00edcias","og_url":"https:\/\/miradouronoticias.com\/site\/arquivo-de-noticias\/","og_site_name":"Miradouro Not\u00edcias","article_modified_time":"2021-09-01T17:30:53+00:00","og_image":[{"width":747,"height":263,"url":"https:\/\/miradouronoticias.com\/site\/wp-content\/uploads\/2022\/01\/logomarcamiradouronoticias.png","type":"image\/png"}],"twitter_card":"summary_large_image","schema":{"@context":"https:\/\/schema.org","@graph":[{"@type":"WebPage","@id":"https:\/\/miradouronoticias.com\/site\/arquivo-de-noticias\/","url":"https:\/\/miradouronoticias.com\/site\/arquivo-de-noticias\/","name":"Arquivo de not\u00edcias - Miradouro Not\u00edcias","isPartOf":{"@id":"https:\/\/miradouronoticias.com\/site\/#website"},"datePublished":"2021-07-23T15:36:24+00:00","dateModified":"2021-09-01T17:30:53+00:00","breadcrumb":{"@id":"https:\/\/miradouronoticias.com\/site\/arquivo-de-noticias\/#breadcrumb"},"inLanguage":"pt-BR","potentialAction":[{"@type":"ReadAction","target":["https:\/\/miradouronoticias.com\/site\/arquivo-de-noticias\/"]}]},{"@type":"BreadcrumbList","@id":"https:\/\/miradouronoticias.com\/site\/arquivo-de-noticias\/#breadcrumb","itemListElement":[{"@type":"ListItem","position":1,"name":"In\u00edcio","item":"https:\/\/miradouronoticias.com\/site\/"},{"@type":"ListItem","position":2,"name":"Arquivo de not\u00edcias"}]},{"@type":"WebSite","@id":"https:\/\/miradouronoticias.com\/site\/#website","url":"https:\/\/miradouronoticias.com\/site\/","name":"Miradouro Not\u00edcias","description":"Informa\u00e7\u00f5es da cidade e regi\u00e3o","publisher":{"@id":"https:\/\/miradouronoticias.com\/site\/#organization"},"potentialAction":[{"@type":"SearchAction","target":{"@type":"EntryPoint","urlTemplate":"https:\/\/miradouronoticias.com\/site\/?s={search_term_string}"},"query-input":{"@type":"PropertyValueSpecification","valueRequired":true,"valueName":"search_term_string"}}],"inLanguage":"pt-BR"},{"@type":"Organization","@id":"https:\/\/miradouronoticias.com\/site\/#organization","name":"Miradouro Not\u00edcias","url":"https:\/\/miradouronoticias.com\/site\/","logo":{"@type":"ImageObject","inLanguage":"pt-BR","@id":"https:\/\/miradouronoticias.com\/site\/#\/schema\/logo\/image\/","url":"https:\/\/miradouronoticias.com\/site\/wp-content\/uploads\/2022\/01\/logomarcamiradouronoticias.png","contentUrl":"https:\/\/miradouronoticias.com\/site\/wp-content\/uploads\/2022\/01\/logomarcamiradouronoticias.png","width":747,"height":263,"caption":"Miradouro Not\u00edcias"},"image":{"@id":"https:\/\/miradouronoticias.com\/site\/#\/schema\/logo\/image\/"}}]}},"_links":{"self":[{"href":"https:\/\/miradouronoticias.com\/site\/wp-json\/wp\/v2\/pages\/193","targetHints":{"allow":["GET"]}}],"collection":[{"href":"https:\/\/miradouronoticias.com\/site\/wp-json\/wp\/v2\/pages"}],"about":[{"href":"https:\/\/miradouronoticias.com\/site\/wp-json\/wp\/v2\/types\/page"}],"author":[{"embeddable":true,"href":"https:\/\/miradouronoticias.com\/site\/wp-json\/wp\/v2\/users\/2"}],"replies":[{"embeddable":true,"href":"https:\/\/miradouronoticias.com\/site\/wp-json\/wp\/v2\/comments?post=193"}],"version-history":[{"count":2,"href":"https:\/\/miradouronoticias.com\/site\/wp-json\/wp\/v2\/pages\/193\/revisions"}],"predecessor-version":[{"id":759,"href":"https:\/\/miradouronoticias.com\/site\/wp-json\/wp\/v2\/pages\/193\/revisions\/759"}],"wp:attachment":[{"href":"https:\/\/miradouronoticias.com\/site\/wp-json\/wp\/v2\/media?parent=193"}],"curies":[{"name":"wp","href":"https:\/\/api.w.org\/{rel}","templated":true}]}}